{"id":11,"date":"2023-11-09T14:16:09","date_gmt":"2023-11-09T14:16:09","guid":{"rendered":"https:\/\/serwistir-anglia.pl\/?page_id=11"},"modified":"2024-02-08T09:09:53","modified_gmt":"2024-02-08T09:09:53","slug":"strona-glowna","status":"publish","type":"page","link":"https:\/\/serwistir-anglia.pl\/en\/","title":{"rendered":"Home"},"content":{"rendered":"<p>[et_pb_section fb_built=&#8221;1&#8243; fullwidth=&#8221;on&#8221; _builder_version=&#8221;4.23.1&#8243; _module_preset=&#8221;default&#8221; global_colors_info=&#8221;{}&#8221;][et_pb_fullwidth_slider _builder_version=&#8221;4.23.1&#8243; _module_preset=&#8221;default&#8221; global_colors_info=&#8221;{}&#8221;][et_pb_slide heading=&#8221;Mobilny serwis TIR Anglia&#8221; button_text=&#8221;Tel: +44 7718 484 648&#8243; button_link=&#8221;tel:+447718484648&#8243; use_bg_overlay=&#8221;on&#8221; bg_overlay_color=&#8221;rgba(10,10,10,0.28)&#8221; _builder_version=&#8221;4.23.1&#8243; _module_preset=&#8221;default&#8221; header_level=&#8221;h1&#8243; header_font=&#8221;Kanit|700|||||||&#8221; background_enable_color=&#8221;off&#8221; background_image=&#8221;https:\/\/serwistir-anglia.pl\/wp-content\/uploads\/2023\/11\/IMG-20231109-WA0007.jpg&#8221; background_enable_image=&#8221;on&#8221; custom_button=&#8221;on&#8221; button_text_size=&#8221;21px&#8221; button_text_color=&#8221;#FFFFFF&#8221; button_bg_color=&#8221;#E02B20&#8243; button_border_width=&#8221;0px&#8221; global_colors_info=&#8221;{}&#8221; sticky_transition=&#8221;on&#8221;]<\/p>\n<p><strong><span style=\"font-size: large;\">Mobilny serwis samochod\u00f3w ci\u0119\u017carowych na terenie Wielkiej Brytanii. <\/span><\/strong><br \/><strong><span style=\"font-size: large;\">Rozmawiamy po polsku i angielsku. Zadzwo\u0144 i zam\u00f3w mobilny serwis!<\/span><\/strong><\/p>\n<p>[\/et_pb_slide][\/et_pb_fullwidth_slider][\/et_pb_section][et_pb_section fb_built=&#8221;1&#8243; theme_builder_area=&#8221;post_content&#8221; _builder_version=&#8221;4.24.0&#8243; _module_preset=&#8221;default&#8221; custom_padding=&#8221;10px||0px|||&#8221;][et_pb_row _builder_version=&#8221;4.24.0&#8243; _module_preset=&#8221;default&#8221; theme_builder_area=&#8221;post_content&#8221; custom_padding=&#8221;7px||18px|||&#8221;][et_pb_column _builder_version=&#8221;4.24.0&#8243; _module_preset=&#8221;default&#8221; type=&#8221;4_4&#8243; theme_builder_area=&#8221;post_content&#8221;][et_pb_button button_text=&#8221;Jeste\u015bmy na WhatsApp &#8221; _builder_version=&#8221;4.24.0&#8243; _module_preset=&#8221;default&#8221; theme_builder_area=&#8221;post_content&#8221; button_alignment=&#8221;center&#8221; custom_button=&#8221;on&#8221; button_text_color=&#8221;#FFFFFF&#8221; button_bg_color=&#8221;#1dad1f&#8221; button_bg_enable_color=&#8221;on&#8221; hover_enabled=&#8221;0&#8243; sticky_enabled=&#8221;0&#8243; button_url=&#8221;https:\/\/api.whatsapp.com\/send?phone=447718484648&#8243; button_border_width=&#8221;0px&#8221; button_border_radius=&#8221;6px&#8221;][\/et_pb_button][\/et_pb_column][\/et_pb_row][\/et_pb_section][et_pb_section fb_built=&#8221;1&#8243; _builder_version=&#8221;4.24.0&#8243; _module_preset=&#8221;default&#8221; background_color=&#8221;#f3f3f3&#8243; custom_padding=&#8221;3px||0px|||&#8221; hover_enabled=&#8221;0&#8243; global_colors_info=&#8221;{}&#8221; sticky_enabled=&#8221;0&#8243;][et_pb_row _builder_version=&#8221;4.23.1&#8243; _module_preset=&#8221;default&#8221; global_colors_info=&#8221;{}&#8221;][et_pb_column type=&#8221;4_4&#8243; _builder_version=&#8221;4.23.1&#8243; _module_preset=&#8221;default&#8221; global_colors_info=&#8221;{}&#8221;][et_pb_text _builder_version=&#8221;4.23.1&#8243; _module_preset=&#8221;default&#8221; global_colors_info=&#8221;{}&#8221;]<\/p>\n<h2 style=\"text-align: center;\"><strong>MOBILNY SERWIS CI\u0118\u017bAR\u00d3WEK W ANGLII &#8211; POLSKI MECHANIK<\/strong><\/h2>\n<p>[\/et_pb_text][\/et_pb_column][\/et_pb_row][\/et_pb_section][et_pb_section fb_built=&#8221;1&#8243; _builder_version=&#8221;4.23.1&#8243; _module_preset=&#8221;default&#8221; custom_padding=&#8221;20px||5px|||&#8221; global_colors_info=&#8221;{}&#8221;][et_pb_row _builder_version=&#8221;4.23.1&#8243; _module_preset=&#8221;default&#8221; custom_padding=&#8221;||3px|||&#8221; global_colors_info=&#8221;{}&#8221;][et_pb_column type=&#8221;4_4&#8243; _builder_version=&#8221;4.23.1&#8243; _module_preset=&#8221;default&#8221; global_colors_info=&#8221;{}&#8221;][et_pb_text _builder_version=&#8221;4.23.1&#8243; _module_preset=&#8221;default&#8221; global_colors_info=&#8221;{}&#8221;]<\/p>\n<p><span style=\"font-size: large;\">Jeste\u015bmy mobilnym serwisem TIR \u015bwiadcz\u0105cym kompleksowe us\u0142ugi dla kierowc\u00f3w ci\u0119\u017car\u00f3wek na terenie Anglii. Obs\u0142ugujemy naszych klient\u00f3w zar\u00f3wno po polsku, jak i angielsku, zapewniaj\u0105c pe\u0142en zakres us\u0142ug zwi\u0105zanych z naprawami, konserwacj\u0105 i pomoc\u0105 drogow\u0105.<\/span><\/p>\n<p>[\/et_pb_text][\/et_pb_column][\/et_pb_row][\/et_pb_section][et_pb_section fb_built=&#8221;1&#8243; _builder_version=&#8221;4.23.1&#8243; _module_preset=&#8221;default&#8221; custom_padding=&#8221;8px||0px|||&#8221; global_colors_info=&#8221;{}&#8221;][et_pb_row column_structure=&#8221;1_2,1_2&#8243; _builder_version=&#8221;4.23.1&#8243; _module_preset=&#8221;default&#8221; custom_padding=&#8221;10px||6px|||&#8221; global_colors_info=&#8221;{}&#8221;][et_pb_column type=&#8221;1_2&#8243; _builder_version=&#8221;4.23.1&#8243; _module_preset=&#8221;default&#8221; global_colors_info=&#8221;{}&#8221;][et_pb_text _builder_version=&#8221;4.23.1&#8243; _module_preset=&#8221;default&#8221; global_colors_info=&#8221;{}&#8221;]<\/p>\n<p><strong> <span style=\"font-size: large;\">1. Pomoc Drogowa 24\/7<\/span><\/strong><br \/><span style=\"font-size: large;\"> Nasi do\u015bwiadczeni technicy s\u0105 gotowi udzieli\u0107 pomocy drogowej o ka\u017cdej porze dnia i nocy. Bez wzgl\u0119du na to, czy potrzebujesz pomocy przy awarii, wymianie opony czy holowaniu, mo\u017cesz na nas liczy\u0107.<\/span><\/p>\n<p><strong><span style=\"font-size: large;\">2. Naprawy i Konserwacja<\/span><\/strong><br \/><span style=\"font-size: large;\"> \u015awiadczymy us\u0142ugi naprawy wszelkiego rodzaju usterek mechanicznych oraz regularnej konserwacji, aby\u015b m\u00f3g\u0142 podr\u00f3\u017cowa\u0107 bezpiecznie i bez zak\u0142\u00f3ce\u0144.<\/span><\/p>\n<p><strong><span style=\"font-size: large;\">3. Diagnostyka Komputerowa<\/span><\/strong><br \/><span style=\"font-size: large;\"> Nasze zaawansowane technologie pozwalaj\u0105 nam szybko i skutecznie zlokalizowa\u0107 usterki przy u\u017cyciu diagnostyki komputerowej, minimalizuj\u0105c czas nieaktywno\u015bci pojazdu.<\/span><\/p>\n<p><strong><span style=\"font-size: large;\">4. Obs\u0142uga w J\u0119zyku Polskim i Angielskim<\/span><\/strong><br \/><span style=\"font-size: large;\"> Nasi pracownicy komunikuj\u0105 si\u0119 biegle zar\u00f3wno w j\u0119zyku polskim, jak i angielskim, aby zapewni\u0107 klarown\u0105 i efektywn\u0105 obs\u0142ug\u0119.<\/span><\/p>\n<p>[\/et_pb_text][\/et_pb_column][et_pb_column type=&#8221;1_2&#8243; _builder_version=&#8221;4.23.1&#8243; _module_preset=&#8221;default&#8221; global_colors_info=&#8221;{}&#8221;][et_pb_image src=&#8221;https:\/\/serwistir-anglia.pl\/wp-content\/uploads\/2023\/11\/IMG-20231109-WA0011.jpg&#8221; _builder_version=&#8221;4.23.1&#8243; _module_preset=&#8221;default&#8221; box_shadow_style=&#8221;preset1&#8243; global_colors_info=&#8221;{}&#8221;][\/et_pb_image][et_pb_button button_url=&#8221;tel:%20+44%207718%20484%20648&#8243; button_text=&#8221;Tel: +44 7718 484 648&#8243; button_alignment=&#8221;center&#8221; _builder_version=&#8221;4.23.1&#8243; _module_preset=&#8221;default&#8221; custom_button=&#8221;on&#8221; button_text_size=&#8221;18px&#8221; button_text_color=&#8221;#FFFFFF&#8221; button_bg_color=&#8221;#E02B20&#8243; button_border_radius=&#8221;6px&#8221; global_colors_info=&#8221;{}&#8221;][\/et_pb_button][\/et_pb_column][\/et_pb_row][et_pb_row _builder_version=&#8221;4.23.1&#8243; _module_preset=&#8221;default&#8221; global_colors_info=&#8221;{}&#8221;][et_pb_column type=&#8221;4_4&#8243; _builder_version=&#8221;4.23.1&#8243; _module_preset=&#8221;default&#8221; global_colors_info=&#8221;{}&#8221;][et_pb_divider color=&#8221;#000000&#8243; _builder_version=&#8221;4.23.1&#8243; _module_preset=&#8221;default&#8221; global_colors_info=&#8221;{}&#8221;][\/et_pb_divider][\/et_pb_column][\/et_pb_row][et_pb_row column_structure=&#8221;1_2,1_2&#8243; _builder_version=&#8221;4.23.1&#8243; _module_preset=&#8221;default&#8221; custom_margin=&#8221;-21px|auto|-24px|auto||&#8221; global_colors_info=&#8221;{}&#8221;][et_pb_column type=&#8221;1_2&#8243; _builder_version=&#8221;4.23.1&#8243; _module_preset=&#8221;default&#8221; global_colors_info=&#8221;{}&#8221;][et_pb_image src=&#8221;https:\/\/serwistir-anglia.pl\/wp-content\/uploads\/2023\/11\/IMG-20231109-WA0010.jpg&#8221; _builder_version=&#8221;4.23.1&#8243; _module_preset=&#8221;default&#8221; custom_padding=&#8221;37px|||||&#8221; box_shadow_style=&#8221;preset1&#8243; global_colors_info=&#8221;{}&#8221;][\/et_pb_image][et_pb_button button_url=&#8221;tel:%20+44%207718%20484%20648&#8243; button_text=&#8221;Tel: +44 7718 484 648&#8243; button_alignment=&#8221;center&#8221; _builder_version=&#8221;4.23.1&#8243; _module_preset=&#8221;default&#8221; custom_button=&#8221;on&#8221; button_text_size=&#8221;18px&#8221; button_text_color=&#8221;#FFFFFF&#8221; button_bg_color=&#8221;#E02B20&#8243; button_border_width=&#8221;2px&#8221; button_border_radius=&#8221;6px&#8221; global_colors_info=&#8221;{}&#8221;][\/et_pb_button][\/et_pb_column][et_pb_column type=&#8221;1_2&#8243; _builder_version=&#8221;4.23.1&#8243; _module_preset=&#8221;default&#8221; global_colors_info=&#8221;{}&#8221;][et_pb_text _builder_version=&#8221;4.23.1&#8243; _module_preset=&#8221;default&#8221; global_colors_info=&#8221;{}&#8221;]<\/p>\n<p><span style=\"font-size: large;\">Serdecznie zapraszamy do skorzystania z profesjonalnych us\u0142ug naszego <strong>mobilnego serwisu pojazd\u00f3w ci\u0119\u017carowych<\/strong>. Specjalizujemy si\u0119 w \u015bwiadczeniu fachowej pomocy, obejmuj\u0105cej r\u00f3\u017cnorodne naprawy samochod\u00f3w ci\u0119\u017carowych oraz zestaw\u00f3w ci\u0105gnik\u00f3w z naczepami, eliminuj\u0105c konieczno\u015b\u0107 holowania tych pojazd\u00f3w do warsztat\u00f3w stacjonarnych.<\/span><\/p>\n<p><span style=\"font-size: large;\">W naszym zakresie us\u0142ug mie\u015bci si\u0119 wykonywanie wszystkich napraw bezpo\u015brednio na trasie. Dzi\u0119ki temu, nie tylko unikasz dodatkowych koszt\u00f3w zwi\u0105zanych z transportem, ale tak\u017ce oszcz\u0119dzasz czas i wysi\u0142ek zwi\u0105zany z konieczno\u015bci\u0105 holowania ci\u0119\u017ckich pojazd\u00f3w do oddalonych warsztat\u00f3w stacjonarnych.<\/span><\/p>\n<p><span style=\"font-size: large;\">Zaufaj naszemu do\u015bwiadczonemu zespo\u0142owi, kt\u00f3ry gwarantuje skuteczn\u0105 i terminow\u0105 obs\u0142ug\u0119, przywracaj\u0105c sprawno\u015b\u0107 Twojego pojazdu jeszcze przed nast\u0119pn\u0105 tras\u0105. Odpowiedzialnie podejmujemy si\u0119 ka\u017cdego zadania, dbaj\u0105c o pe\u0142ne zadowolenie naszych klient\u00f3w.\u00a0<\/span><\/p>\n<p>[\/et_pb_text][\/et_pb_column][\/et_pb_row][et_pb_row _builder_version=&#8221;4.23.1&#8243; _module_preset=&#8221;default&#8221; global_colors_info=&#8221;{}&#8221;][et_pb_column type=&#8221;4_4&#8243; _builder_version=&#8221;4.23.1&#8243; _module_preset=&#8221;default&#8221; global_colors_info=&#8221;{}&#8221;][et_pb_divider color=&#8221;#000000&#8243; _builder_version=&#8221;4.23.1&#8243; _module_preset=&#8221;default&#8221; custom_margin=&#8221;||-35px|||&#8221; global_colors_info=&#8221;{}&#8221;][\/et_pb_divider][\/et_pb_column][\/et_pb_row][\/et_pb_section][et_pb_section fb_built=&#8221;1&#8243; _builder_version=&#8221;4.23.1&#8243; _module_preset=&#8221;default&#8221; custom_padding=&#8221;7px|||||&#8221; global_colors_info=&#8221;{}&#8221;][et_pb_row _builder_version=&#8221;4.23.1&#8243; _module_preset=&#8221;default&#8221; custom_padding=&#8221;6px|||||&#8221; global_colors_info=&#8221;{}&#8221;][et_pb_column type=&#8221;4_4&#8243; _builder_version=&#8221;4.23.1&#8243; _module_preset=&#8221;default&#8221; global_colors_info=&#8221;{}&#8221;][et_pb_text _builder_version=&#8221;4.23.1&#8243; _module_preset=&#8221;default&#8221; custom_padding=&#8221;14px||12px|||&#8221; global_colors_info=&#8221;{}&#8221;]<\/p>\n<p style=\"text-align: center;\"><span style=\"font-size: x-large;\">Wybrane prace naprawcze wykonywane na terenie Anglii. Wi\u0119cej w <span style=\"color: #e02b20;\"><a href=\"https:\/\/serwistir-anglia.pl\/galeria-napraw\/\" style=\"color: #e02b20;\">naszej galerii -&gt;<\/a><\/span><\/span><\/p>\n<p>[\/et_pb_text][\/et_pb_column][\/et_pb_row][et_pb_row _builder_version=&#8221;4.23.1&#8243; _module_preset=&#8221;default&#8221; global_colors_info=&#8221;{}&#8221;][et_pb_column type=&#8221;4_4&#8243; _builder_version=&#8221;4.23.1&#8243; _module_preset=&#8221;default&#8221; global_colors_info=&#8221;{}&#8221;][et_pb_gallery gallery_ids=&#8221;122,91,86,81&#8243; show_title_and_caption=&#8221;off&#8221; show_pagination=&#8221;off&#8221; _builder_version=&#8221;4.23.1&#8243; _module_preset=&#8221;default&#8221; border_radii=&#8221;on|4px|4px|4px|4px&#8221; global_colors_info=&#8221;{}&#8221;][\/et_pb_gallery][\/et_pb_column][\/et_pb_row][\/et_pb_section]<\/p>\n","protected":false},"excerpt":{"rendered":"<p>Mobilny serwis samochod\u00f3w ci\u0119\u017carowych na terenie Wielkiej Brytanii. Rozmawiamy po polsku i angielsku. Zadzwo\u0144 i zam\u00f3w mobilny serwis!MOBILNY SERWIS CI\u0118\u017bAR\u00d3WEK W ANGLII &#8211; POLSKI MECHANIKJeste\u015bmy mobilnym serwisem TIR \u015bwiadcz\u0105cym kompleksowe us\u0142ugi dla kierowc\u00f3w ci\u0119\u017car\u00f3wek na terenie Anglii. Obs\u0142ugujemy naszych klient\u00f3w zar\u00f3wno po polsku, jak i angielsku, zapewniaj\u0105c pe\u0142en zakres us\u0142ug zwi\u0105zanych z naprawami, konserwacj\u0105 i [&hellip;]<\/p>\n","protected":false},"author":1,"featured_media":0,"parent":0,"menu_order":0,"comment_status":"closed","ping_status":"closed","template":"","meta":{"_et_pb_use_builder":"on","_et_pb_old_content":"","_et_gb_content_width":"","footnotes":""},"yoast_head":"<!-- This site is optimized with the Yoast SEO plugin v23.5 - https:\/\/yoast.com\/wordpress\/plugins\/seo\/ -->\n<title>tel:+44 7718 484 648 - Mobilny serwis TIR Anglia<\/title>\n<meta name=\"description\" content=\"Mobilny serwis ci\u0119\u017car\u00f3wek na terenie Wielkiej Brytanii. Rozmawiamy po polsku i angielsku. Zadzwo\u0144 - pomo\u017cemy naprawi\u0107 Twoj\u0105 ci\u0119\u017car\u00f3wk\u0119.\" \/>\n<meta name=\"robots\" content=\"index, follow, max-snippet:-1, max-image-preview:large, max-video-preview:-1\" \/>\n<link rel=\"canonical\" href=\"https:\/\/serwistir-anglia.pl\/en\/\" \/>\n<meta property=\"og:locale\" content=\"en_GB\" \/>\n<meta property=\"og:type\" content=\"article\" \/>\n<meta property=\"og:title\" content=\"tel:+44 7718 484 648 - Mobilny serwis TIR Anglia\" \/>\n<meta property=\"og:description\" content=\"Mobilny serwis ci\u0119\u017car\u00f3wek na terenie Wielkiej Brytanii. Rozmawiamy po polsku i angielsku. Zadzwo\u0144 - pomo\u017cemy naprawi\u0107 Twoj\u0105 ci\u0119\u017car\u00f3wk\u0119.\" \/>\n<meta property=\"og:url\" content=\"https:\/\/serwistir-anglia.pl\/en\/\" \/>\n<meta property=\"og:site_name\" content=\"Mobilny serwis TIR Anglia\" \/>\n<meta property=\"article:modified_time\" content=\"2024-02-08T09:09:53+00:00\" \/>\n<meta name=\"twitter:card\" content=\"summary_large_image\" \/>\n<meta name=\"twitter:label1\" content=\"Estimated reading time\" \/>\n\t<meta name=\"twitter:data1\" content=\"3 minutes\" \/>\n<script type=\"application\/ld+json\" class=\"yoast-schema-graph\">{\"@context\":\"https:\/\/schema.org\",\"@graph\":[{\"@type\":\"WebPage\",\"@id\":\"https:\/\/serwistir-anglia.pl\/\",\"url\":\"https:\/\/serwistir-anglia.pl\/\",\"name\":\"tel:+44 7718 484 648 - Mobilny serwis TIR Anglia\",\"isPartOf\":{\"@id\":\"https:\/\/serwistir-anglia.pl\/#website\"},\"datePublished\":\"2023-11-09T14:16:09+00:00\",\"dateModified\":\"2024-02-08T09:09:53+00:00\",\"description\":\"Mobilny serwis ci\u0119\u017car\u00f3wek na terenie Wielkiej Brytanii. Rozmawiamy po polsku i angielsku. Zadzwo\u0144 - pomo\u017cemy naprawi\u0107 Twoj\u0105 ci\u0119\u017car\u00f3wk\u0119.\",\"breadcrumb\":{\"@id\":\"https:\/\/serwistir-anglia.pl\/#breadcrumb\"},\"inLanguage\":\"en-GB\",\"potentialAction\":[{\"@type\":\"ReadAction\",\"target\":[\"https:\/\/serwistir-anglia.pl\/\"]}]},{\"@type\":\"BreadcrumbList\",\"@id\":\"https:\/\/serwistir-anglia.pl\/#breadcrumb\",\"itemListElement\":[{\"@type\":\"ListItem\",\"position\":1,\"name\":\"Strona g\u0142\u00f3wna\",\"item\":\"https:\/\/serwistir-anglia.pl\/\"},{\"@type\":\"ListItem\",\"position\":2,\"name\":\"Strona g\u0142\u00f3wna\"}]},{\"@type\":\"WebSite\",\"@id\":\"https:\/\/serwistir-anglia.pl\/#website\",\"url\":\"https:\/\/serwistir-anglia.pl\/\",\"name\":\"Mobilny serwis TIR Anglia\",\"description\":\"www\",\"potentialAction\":[{\"@type\":\"SearchAction\",\"target\":{\"@type\":\"EntryPoint\",\"urlTemplate\":\"https:\/\/serwistir-anglia.pl\/?s={search_term_string}\"},\"query-input\":{\"@type\":\"PropertyValueSpecification\",\"valueRequired\":true,\"valueName\":\"search_term_string\"}}],\"inLanguage\":\"en-GB\"}]}<\/script>\n<!-- \/ Yoast SEO plugin. -->","yoast_head_json":{"title":"tel:+44 7718 484 648 - Mobilny serwis TIR Anglia","description":"Mobilny serwis ci\u0119\u017car\u00f3wek na terenie Wielkiej Brytanii. Rozmawiamy po polsku i angielsku. Zadzwo\u0144 - pomo\u017cemy naprawi\u0107 Twoj\u0105 ci\u0119\u017car\u00f3wk\u0119.","robots":{"index":"index","follow":"follow","max-snippet":"max-snippet:-1","max-image-preview":"max-image-preview:large","max-video-preview":"max-video-preview:-1"},"canonical":"https:\/\/serwistir-anglia.pl\/en\/","og_locale":"en_GB","og_type":"article","og_title":"tel:+44 7718 484 648 - Mobilny serwis TIR Anglia","og_description":"Mobilny serwis ci\u0119\u017car\u00f3wek na terenie Wielkiej Brytanii. Rozmawiamy po polsku i angielsku. Zadzwo\u0144 - pomo\u017cemy naprawi\u0107 Twoj\u0105 ci\u0119\u017car\u00f3wk\u0119.","og_url":"https:\/\/serwistir-anglia.pl\/en\/","og_site_name":"Mobilny serwis TIR Anglia","article_modified_time":"2024-02-08T09:09:53+00:00","twitter_card":"summary_large_image","twitter_misc":{"Estimated reading time":"3 minutes"},"schema":{"@context":"https:\/\/schema.org","@graph":[{"@type":"WebPage","@id":"https:\/\/serwistir-anglia.pl\/","url":"https:\/\/serwistir-anglia.pl\/","name":"tel:+44 7718 484 648 - Mobilny serwis TIR Anglia","isPartOf":{"@id":"https:\/\/serwistir-anglia.pl\/#website"},"datePublished":"2023-11-09T14:16:09+00:00","dateModified":"2024-02-08T09:09:53+00:00","description":"Mobilny serwis ci\u0119\u017car\u00f3wek na terenie Wielkiej Brytanii. Rozmawiamy po polsku i angielsku. Zadzwo\u0144 - pomo\u017cemy naprawi\u0107 Twoj\u0105 ci\u0119\u017car\u00f3wk\u0119.","breadcrumb":{"@id":"https:\/\/serwistir-anglia.pl\/#breadcrumb"},"inLanguage":"en-GB","potentialAction":[{"@type":"ReadAction","target":["https:\/\/serwistir-anglia.pl\/"]}]},{"@type":"BreadcrumbList","@id":"https:\/\/serwistir-anglia.pl\/#breadcrumb","itemListElement":[{"@type":"ListItem","position":1,"name":"Strona g\u0142\u00f3wna","item":"https:\/\/serwistir-anglia.pl\/"},{"@type":"ListItem","position":2,"name":"Strona g\u0142\u00f3wna"}]},{"@type":"WebSite","@id":"https:\/\/serwistir-anglia.pl\/#website","url":"https:\/\/serwistir-anglia.pl\/","name":"Mobile Truck Service England","description":"www","potentialAction":[{"@type":"SearchAction","target":{"@type":"EntryPoint","urlTemplate":"https:\/\/serwistir-anglia.pl\/?s={search_term_string}"},"query-input":{"@type":"PropertyValueSpecification","valueRequired":true,"valueName":"search_term_string"}}],"inLanguage":"en-GB"}]}},"_links":{"self":[{"href":"https:\/\/serwistir-anglia.pl\/en\/wp-json\/wp\/v2\/pages\/11"}],"collection":[{"href":"https:\/\/serwistir-anglia.pl\/en\/wp-json\/wp\/v2\/pages"}],"about":[{"href":"https:\/\/serwistir-anglia.pl\/en\/wp-json\/wp\/v2\/types\/page"}],"author":[{"embeddable":true,"href":"https:\/\/serwistir-anglia.pl\/en\/wp-json\/wp\/v2\/users\/1"}],"replies":[{"embeddable":true,"href":"https:\/\/serwistir-anglia.pl\/en\/wp-json\/wp\/v2\/comments?post=11"}],"version-history":[{"count":26,"href":"https:\/\/serwistir-anglia.pl\/en\/wp-json\/wp\/v2\/pages\/11\/revisions"}],"predecessor-version":[{"id":148,"href":"https:\/\/serwistir-anglia.pl\/en\/wp-json\/wp\/v2\/pages\/11\/revisions\/148"}],"wp:attachment":[{"href":"https:\/\/serwistir-anglia.pl\/en\/wp-json\/wp\/v2\/media?parent=11"}],"curies":[{"name":"wp","href":"https:\/\/api.w.org\/{rel}","templated":true}]}}