{"id":56,"date":"2023-11-09T15:06:03","date_gmt":"2023-11-09T15:06:03","guid":{"rendered":"https:\/\/serwistir-anglia.pl\/?page_id=56"},"modified":"2023-11-21T13:41:14","modified_gmt":"2023-11-21T13:41:14","slug":"kontakt","status":"publish","type":"page","link":"https:\/\/serwistir-anglia.pl\/en\/kontakt\/","title":{"rendered":"Contact"},"content":{"rendered":"<p>[et_pb_section fb_built=&#8221;1&#8243; _builder_version=&#8221;4.23.1&#8243; _module_preset=&#8221;default&#8221; background_enable_color=&#8221;off&#8221; custom_padding=&#8221;20px|||||&#8221; global_colors_info=&#8221;{}&#8221;][et_pb_row _builder_version=&#8221;4.23.1&#8243; _module_preset=&#8221;default&#8221; custom_padding=&#8221;13px|||||&#8221;][et_pb_column _builder_version=&#8221;4.23.1&#8243; _module_preset=&#8221;default&#8221; type=&#8221;4_4&#8243;][et_pb_text _builder_version=&#8221;4.23.1&#8243; _module_preset=&#8221;default&#8221; hover_enabled=&#8221;0&#8243; sticky_enabled=&#8221;0&#8243; custom_padding=&#8221;11px||18px|||&#8221; custom_margin=&#8221;||-7px|||&#8221;]<\/p>\n<p><span style=\"font-size: large;\">Serdecznie zapraszamy do skorzystania z naszych us\u0142ug. Oferujemy naprawy mechaniczne w terenie. Nasz mobilny serwis w mo\u017cliwie najkr\u00f3tszym czasie doje\u017cd\u017ca do miejsca awarii. Posiadamy dost\u0119p do cz\u0119\u015bci samochodowych.<\/span><\/p>\n<p>[\/et_pb_text][\/et_pb_column][\/et_pb_row][et_pb_row column_structure=&#8221;1_2,1_2&#8243; _builder_version=&#8221;4.23.1&#8243; _module_preset=&#8221;default&#8221; global_colors_info=&#8221;{}&#8221; custom_margin=&#8221;-16px|auto||auto||&#8221;][et_pb_column type=&#8221;1_2&#8243; _builder_version=&#8221;4.23.1&#8243; _module_preset=&#8221;default&#8221; global_colors_info=&#8221;{}&#8221;][et_pb_image src=&#8221;https:\/\/serwistir-anglia.pl\/wp-content\/uploads\/2023\/11\/mobile-truck.png&#8221; alt=&#8221;mobile truck&#8221; _builder_version=&#8221;4.23.1&#8243; _module_preset=&#8221;default&#8221; filter_brightness=&#8221;135%&#8221; border_radii=&#8221;on|5px|5px|5px|5px&#8221; box_shadow_style=&#8221;preset1&#8243; global_colors_info=&#8221;{}&#8221;][\/et_pb_image][\/et_pb_column][et_pb_column type=&#8221;1_2&#8243; _builder_version=&#8221;4.23.1&#8243; _module_preset=&#8221;default&#8221; global_colors_info=&#8221;{}&#8221;][et_pb_text _builder_version=&#8221;4.23.1&#8243; _module_preset=&#8221;default&#8221; custom_margin=&#8221;33px|||||&#8221; global_colors_info=&#8221;{}&#8221;]<\/p>\n<h2 style=\"text-align: center;\"><strong>MOBILNY SERWIS &#8211; MOBILE MECHANIC<\/strong><\/h2>\n<p>[\/et_pb_text][et_pb_text _builder_version=&#8221;4.23.1&#8243; _module_preset=&#8221;default&#8221; global_colors_info=&#8221;{}&#8221;]<\/p>\n<p style=\"text-align: center;\"><span style=\"font-size: large;\">Pomagamy kierowcom ci\u0119\u017car\u00f3wek na terenie Anglii. Mo\u017cesz z nami porozmawia\u0107 po polsku i angielsku. <\/span><\/p>\n<p style=\"text-align: center;\"><strong><span style=\"font-size: large;\">Zadzwo\u0144 i zam\u00f3w pomoc na drodze.<\/span><\/strong><\/p>\n<p>[\/et_pb_text][et_pb_button button_url=&#8221;tel:+447718484648&#8243; button_text=&#8221;tel: +44 7718 484 648&#8243; button_alignment=&#8221;center&#8221; _builder_version=&#8221;4.23.1&#8243; _module_preset=&#8221;default&#8221; custom_button=&#8221;on&#8221; button_text_color=&#8221;#FFFFFF&#8221; button_bg_color=&#8221;#E02B20&#8243; button_border_width=&#8221;0px&#8221; global_colors_info=&#8221;{}&#8221;][\/et_pb_button][et_pb_button button_url=&#8221;https:\/\/api.whatsapp.com\/send?phone=447718484648&#8243; button_text=&#8221;Jeste\u015bmy na WhatsApp&#8221; button_alignment=&#8221;center&#8221; _builder_version=&#8221;4.23.1&#8243; _module_preset=&#8221;default&#8221; custom_button=&#8221;on&#8221; button_text_color=&#8221;#FFFFFF&#8221; button_bg_color=&#8221;#7CDA24&#8243; button_border_width=&#8221;0px&#8221; button_border_radius=&#8221;5px&#8221; global_colors_info=&#8221;{}&#8221;][\/et_pb_button][\/et_pb_column][\/et_pb_row][\/et_pb_section]<\/p>\n","protected":false},"excerpt":{"rendered":"<p>Serdecznie zapraszamy do skorzystania z naszych us\u0142ug. Oferujemy naprawy mechaniczne w terenie. Nasz mobilny serwis w mo\u017cliwie najkr\u00f3tszym czasie doje\u017cd\u017ca do miejsca awarii. Posiadamy dost\u0119p do cz\u0119\u015bci samochodowych.MOBILNY SERWIS &#8211; MOBILE MECHANICPomagamy kierowcom ci\u0119\u017car\u00f3wek na terenie Anglii. Mo\u017cesz z nami porozmawia\u0107 po polsku i angielsku. Zadzwo\u0144 i zam\u00f3w pomoc na drodze.<\/p>","protected":false},"author":1,"featured_media":0,"parent":0,"menu_order":0,"comment_status":"closed","ping_status":"closed","template":"","meta":{"_et_pb_use_builder":"on","_et_pb_old_content":"","_et_gb_content_width":"","footnotes":""},"yoast_head":"<!-- This site is optimized with the Yoast SEO plugin v23.5 - https:\/\/yoast.com\/wordpress\/plugins\/seo\/ -->\n<title>Kontakt - Mobilny serwis TIR Anglia<\/title>\n<meta name=\"robots\" content=\"index, follow, max-snippet:-1, max-image-preview:large, max-video-preview:-1\" \/>\n<link rel=\"canonical\" href=\"https:\/\/serwistir-anglia.pl\/en\/kontakt\/\" \/>\n<meta property=\"og:locale\" content=\"en_GB\" \/>\n<meta property=\"og:type\" content=\"article\" \/>\n<meta property=\"og:title\" content=\"Kontakt - Mobilny serwis TIR Anglia\" \/>\n<meta property=\"og:description\" content=\"Serdecznie zapraszamy do skorzystania z naszych us\u0142ug. Oferujemy naprawy mechaniczne w terenie. Nasz mobilny serwis w mo\u017cliwie najkr\u00f3tszym czasie doje\u017cd\u017ca do miejsca awarii. Posiadamy dost\u0119p do cz\u0119\u015bci samochodowych.MOBILNY SERWIS - MOBILE MECHANICPomagamy kierowcom ci\u0119\u017car\u00f3wek na terenie Anglii. Mo\u017cesz z nami porozmawia\u0107 po polsku i angielsku. Zadzwo\u0144 i zam\u00f3w pomoc na drodze.\" \/>\n<meta property=\"og:url\" content=\"https:\/\/serwistir-anglia.pl\/en\/kontakt\/\" \/>\n<meta property=\"og:site_name\" content=\"Mobilny serwis TIR Anglia\" \/>\n<meta property=\"article:modified_time\" content=\"2023-11-21T13:41:14+00:00\" \/>\n<meta name=\"twitter:card\" content=\"summary_large_image\" \/>\n<script type=\"application\/ld+json\" class=\"yoast-schema-graph\">{\"@context\":\"https:\/\/schema.org\",\"@graph\":[{\"@type\":\"WebPage\",\"@id\":\"https:\/\/serwistir-anglia.pl\/kontakt\/\",\"url\":\"https:\/\/serwistir-anglia.pl\/kontakt\/\",\"name\":\"Kontakt - Mobilny serwis TIR Anglia\",\"isPartOf\":{\"@id\":\"https:\/\/serwistir-anglia.pl\/#website\"},\"datePublished\":\"2023-11-09T15:06:03+00:00\",\"dateModified\":\"2023-11-21T13:41:14+00:00\",\"breadcrumb\":{\"@id\":\"https:\/\/serwistir-anglia.pl\/kontakt\/#breadcrumb\"},\"inLanguage\":\"en-GB\",\"potentialAction\":[{\"@type\":\"ReadAction\",\"target\":[\"https:\/\/serwistir-anglia.pl\/kontakt\/\"]}]},{\"@type\":\"BreadcrumbList\",\"@id\":\"https:\/\/serwistir-anglia.pl\/kontakt\/#breadcrumb\",\"itemListElement\":[{\"@type\":\"ListItem\",\"position\":1,\"name\":\"Strona g\u0142\u00f3wna\",\"item\":\"https:\/\/serwistir-anglia.pl\/\"},{\"@type\":\"ListItem\",\"position\":2,\"name\":\"Kontakt\"}]},{\"@type\":\"WebSite\",\"@id\":\"https:\/\/serwistir-anglia.pl\/#website\",\"url\":\"https:\/\/serwistir-anglia.pl\/\",\"name\":\"Mobilny serwis TIR Anglia\",\"description\":\"www\",\"potentialAction\":[{\"@type\":\"SearchAction\",\"target\":{\"@type\":\"EntryPoint\",\"urlTemplate\":\"https:\/\/serwistir-anglia.pl\/?s={search_term_string}\"},\"query-input\":{\"@type\":\"PropertyValueSpecification\",\"valueRequired\":true,\"valueName\":\"search_term_string\"}}],\"inLanguage\":\"en-GB\"}]}<\/script>\n<!-- \/ Yoast SEO plugin. -->","yoast_head_json":{"title":"Kontakt - Mobilny serwis TIR Anglia","robots":{"index":"index","follow":"follow","max-snippet":"max-snippet:-1","max-image-preview":"max-image-preview:large","max-video-preview":"max-video-preview:-1"},"canonical":"https:\/\/serwistir-anglia.pl\/en\/kontakt\/","og_locale":"en_GB","og_type":"article","og_title":"Kontakt - Mobilny serwis TIR Anglia","og_description":"Serdecznie zapraszamy do skorzystania z naszych us\u0142ug. Oferujemy naprawy mechaniczne w terenie. Nasz mobilny serwis w mo\u017cliwie najkr\u00f3tszym czasie doje\u017cd\u017ca do miejsca awarii. Posiadamy dost\u0119p do cz\u0119\u015bci samochodowych.MOBILNY SERWIS - MOBILE MECHANICPomagamy kierowcom ci\u0119\u017car\u00f3wek na terenie Anglii. Mo\u017cesz z nami porozmawia\u0107 po polsku i angielsku. Zadzwo\u0144 i zam\u00f3w pomoc na drodze.","og_url":"https:\/\/serwistir-anglia.pl\/en\/kontakt\/","og_site_name":"Mobilny serwis TIR Anglia","article_modified_time":"2023-11-21T13:41:14+00:00","twitter_card":"summary_large_image","schema":{"@context":"https:\/\/schema.org","@graph":[{"@type":"WebPage","@id":"https:\/\/serwistir-anglia.pl\/kontakt\/","url":"https:\/\/serwistir-anglia.pl\/kontakt\/","name":"Kontakt - Mobilny serwis TIR Anglia","isPartOf":{"@id":"https:\/\/serwistir-anglia.pl\/#website"},"datePublished":"2023-11-09T15:06:03+00:00","dateModified":"2023-11-21T13:41:14+00:00","breadcrumb":{"@id":"https:\/\/serwistir-anglia.pl\/kontakt\/#breadcrumb"},"inLanguage":"en-GB","potentialAction":[{"@type":"ReadAction","target":["https:\/\/serwistir-anglia.pl\/kontakt\/"]}]},{"@type":"BreadcrumbList","@id":"https:\/\/serwistir-anglia.pl\/kontakt\/#breadcrumb","itemListElement":[{"@type":"ListItem","position":1,"name":"Strona g\u0142\u00f3wna","item":"https:\/\/serwistir-anglia.pl\/"},{"@type":"ListItem","position":2,"name":"Kontakt"}]},{"@type":"WebSite","@id":"https:\/\/serwistir-anglia.pl\/#website","url":"https:\/\/serwistir-anglia.pl\/","name":"Mobile Truck Service England","description":"www","potentialAction":[{"@type":"SearchAction","target":{"@type":"EntryPoint","urlTemplate":"https:\/\/serwistir-anglia.pl\/?s={search_term_string}"},"query-input":{"@type":"PropertyValueSpecification","valueRequired":true,"valueName":"search_term_string"}}],"inLanguage":"en-GB"}]}},"_links":{"self":[{"href":"https:\/\/serwistir-anglia.pl\/en\/wp-json\/wp\/v2\/pages\/56"}],"collection":[{"href":"https:\/\/serwistir-anglia.pl\/en\/wp-json\/wp\/v2\/pages"}],"about":[{"href":"https:\/\/serwistir-anglia.pl\/en\/wp-json\/wp\/v2\/types\/page"}],"author":[{"embeddable":true,"href":"https:\/\/serwistir-anglia.pl\/en\/wp-json\/wp\/v2\/users\/1"}],"replies":[{"embeddable":true,"href":"https:\/\/serwistir-anglia.pl\/en\/wp-json\/wp\/v2\/comments?post=56"}],"version-history":[{"count":9,"href":"https:\/\/serwistir-anglia.pl\/en\/wp-json\/wp\/v2\/pages\/56\/revisions"}],"predecessor-version":[{"id":143,"href":"https:\/\/serwistir-anglia.pl\/en\/wp-json\/wp\/v2\/pages\/56\/revisions\/143"}],"wp:attachment":[{"href":"https:\/\/serwistir-anglia.pl\/en\/wp-json\/wp\/v2\/media?parent=56"}],"curies":[{"name":"wp","href":"https:\/\/api.w.org\/{rel}","templated":true}]}}